{"id":800,"date":"2019-05-10T20:32:19","date_gmt":"2019-05-10T20:32:19","guid":{"rendered":"https:\/\/www.abcourt.ca\/?page_id=800"},"modified":"2024-05-20T07:11:33","modified_gmt":"2024-05-20T07:11:33","slug":"a-propos","status":"publish","type":"page","link":"https:\/\/www.abcourt.ca\/fr\/a-propos\/","title":{"rendered":"\u00c0 propos"},"content":{"rendered":"<p>&nbsp;<\/p>\n<p>Abcourt inc. est un producteur aurif\u00e8re \u00e9mergeant et une soci\u00e9t\u00e9 d\u2019exploration dont les propri\u00e9t\u00e9s mini\u00e8res sont toutes situ\u00e9es dans la r\u00e9gion de l\u2019Abitibi, province de Qu\u00e9bec, au Canada.<\/p>\n<p>Abcourt d\u00e9veloppe actuellement la mine G\u00e9ant Dormant, situ\u00e9e \u00e0 150 km au nord de la ville de Val-d&rsquo;Or.<\/p>\n<p>En janvier 2023, Abcourt a publi\u00e9 le rapport technique d&rsquo;estimation des ressources min\u00e9rales (ERM) conform\u00e9ment \u00e0 la Norme canadienne 43-101 &#8211; Normes de divulgation pour les projets miniers (\u00ab NI 43-101 \u00bb) sur sa mine G\u00e9ant Dormant d\u00e9tenue \u00e0 100 %.<\/p>\n<p>Abcourt travaille pr\u00e9sentement sur une \u00e9tude \u00e9conomique pr\u00e9liminaire (EEP) \u00e0 partir de l&rsquo;ERM. La publication de l&rsquo;EPP est pr\u00e9vue au deuxi\u00e8me trimestre 2023.<\/p>\n<p>Abcourt est un \u00e9metteur assujetti aupr\u00e8s des autorit\u00e9s en mati\u00e8re de valeurs mobili\u00e8res du Qu\u00e9bec, de l\u2019Ontario, de l\u2019Alberta et de la Colombie-Britannique. Ses actions ordinaires sont inscrites au Canada \u00e0 la Bourse de croissance TSX sous le symbole ABI.V.<\/p>\n","protected":false},"excerpt":{"rendered":"<p>&nbsp; Abcourt inc. est un producteur aurif\u00e8re \u00e9mergeant et une soci\u00e9t\u00e9 d\u2019exploration dont les propri\u00e9t\u00e9s mini\u00e8res sont toutes situ\u00e9es dans la r\u00e9gion de l\u2019Abitibi, province de Qu\u00e9bec, au Canada. Abcourt d\u00e9veloppe actuellement la mine G\u00e9ant Dormant, situ\u00e9e \u00e0 150 km au nord de la ville de Val-d&rsquo;Or. En janvier 2023, Abcourt a publi\u00e9 le rapport [&hellip;]<\/p>\n","protected":false},"author":2,"featured_media":0,"parent":0,"menu_order":0,"comment_status":"closed","ping_status":"closed","template":"about.php","meta":{"footnotes":""},"class_list":["post-800","page","type-page","status-publish","hentry"],"acf":[],"_links":{"self":[{"href":"https:\/\/www.abcourt.ca\/fr\/wp-json\/wp\/v2\/pages\/800","targetHints":{"allow":["GET"]}}],"collection":[{"href":"https:\/\/www.abcourt.ca\/fr\/wp-json\/wp\/v2\/pages"}],"about":[{"href":"https:\/\/www.abcourt.ca\/fr\/wp-json\/wp\/v2\/types\/page"}],"author":[{"embeddable":true,"href":"https:\/\/www.abcourt.ca\/fr\/wp-json\/wp\/v2\/users\/2"}],"replies":[{"embeddable":true,"href":"https:\/\/www.abcourt.ca\/fr\/wp-json\/wp\/v2\/comments?post=800"}],"version-history":[{"count":21,"href":"https:\/\/www.abcourt.ca\/fr\/wp-json\/wp\/v2\/pages\/800\/revisions"}],"predecessor-version":[{"id":2946,"href":"https:\/\/www.abcourt.ca\/fr\/wp-json\/wp\/v2\/pages\/800\/revisions\/2946"}],"wp:attachment":[{"href":"https:\/\/www.abcourt.ca\/fr\/wp-json\/wp\/v2\/media?parent=800"}],"curies":[{"name":"wp","href":"https:\/\/api.w.org\/{rel}","templated":true}]}}