{"id":66,"date":"2016-08-22T09:32:06","date_gmt":"2016-08-22T09:32:06","guid":{"rendered":"http:\/\/explorationorex.ca\/dev\/?page_id=66"},"modified":"2025-04-09T20:49:41","modified_gmt":"2025-04-09T20:49:41","slug":"rapports-financiers","status":"publish","type":"page","link":"https:\/\/www.abcourt.ca\/fr\/rapports-financiers\/","title":{"rendered":"Rapports Financiers"},"content":{"rendered":"<h4>Vous trouverez ci-apr\u00e8s les \u00e9tats financiers interm\u00e9diaires non audit\u00e9s et les \u00e9tats financiers annuels audit\u00e9s de Mines Abcourt Inc.<\/h4>\n<hr \/>\n<h4><strong>Liste compl\u00e8te des documents d\u00e9pos\u00e9s<\/strong><\/h4>\n<h4>Pour obtenir la liste compl\u00e8te des documents d\u00e9pos\u00e9s par Mines Abcourt Inc., veuillez consulter le site Internet suivant :\u00a0<span style=\"color: #c69c24;\"><a href=\"https:\/\/www.sedar.com\/DisplayCompanyDocuments.do?lang=FR&amp;issuerNo=00007910\" target=\"_blank\" rel=\"noopener noreferrer\"> SEDAR<\/a> <\/span>(Syst\u00e8me de d\u00e9p\u00f4t canadien)<\/h4>\n","protected":false},"excerpt":{"rendered":"<p>Vous trouverez ci-apr\u00e8s les \u00e9tats financiers interm\u00e9diaires non audit\u00e9s et les \u00e9tats financiers annuels audit\u00e9s de Mines Abcourt Inc. Liste compl\u00e8te des documents d\u00e9pos\u00e9s Pour obtenir la liste compl\u00e8te des documents d\u00e9pos\u00e9s par Mines Abcourt Inc., veuillez consulter le site Internet suivant :\u00a0 SEDAR (Syst\u00e8me de d\u00e9p\u00f4t canadien)<\/p>\n","protected":false},"author":3,"featured_media":0,"parent":0,"menu_order":0,"comment_status":"closed","ping_status":"closed","template":"financial-reports.php","meta":{"footnotes":""},"class_list":["post-66","page","type-page","status-publish","hentry"],"acf":[],"_links":{"self":[{"href":"https:\/\/www.abcourt.ca\/fr\/wp-json\/wp\/v2\/pages\/66","targetHints":{"allow":["GET"]}}],"collection":[{"href":"https:\/\/www.abcourt.ca\/fr\/wp-json\/wp\/v2\/pages"}],"about":[{"href":"https:\/\/www.abcourt.ca\/fr\/wp-json\/wp\/v2\/types\/page"}],"author":[{"embeddable":true,"href":"https:\/\/www.abcourt.ca\/fr\/wp-json\/wp\/v2\/users\/3"}],"replies":[{"embeddable":true,"href":"https:\/\/www.abcourt.ca\/fr\/wp-json\/wp\/v2\/comments?post=66"}],"version-history":[{"count":54,"href":"https:\/\/www.abcourt.ca\/fr\/wp-json\/wp\/v2\/pages\/66\/revisions"}],"predecessor-version":[{"id":4349,"href":"https:\/\/www.abcourt.ca\/fr\/wp-json\/wp\/v2\/pages\/66\/revisions\/4349"}],"wp:attachment":[{"href":"https:\/\/www.abcourt.ca\/fr\/wp-json\/wp\/v2\/media?parent=66"}],"curies":[{"name":"wp","href":"https:\/\/api.w.org\/{rel}","templated":true}]}}