{"id":4369,"date":"2025-04-25T06:21:57","date_gmt":"2025-04-25T06:21:57","guid":{"rendered":"https:\/\/www.abcourt.ca\/?page_id=4369"},"modified":"2025-12-04T18:11:59","modified_gmt":"2025-12-04T18:11:59","slug":"planification-des-travaux-dexploration","status":"publish","type":"page","link":"https:\/\/www.abcourt.ca\/fr\/planification-des-travaux-dexploration\/","title":{"rendered":"Planification des travaux d\u2019exploration"},"content":{"rendered":"<p>Bienvenue sur notre page d\u00e9di\u00e9e \u00e0 la planification des travaux d&rsquo;exploration. En tant que soci\u00e9t\u00e9 mini\u00e8re responsable, nous nous engageons \u00e0 respecter les normes environnementales et les exigences l\u00e9gales. Conform\u00e9ment \u00e0 la Loi sur les mines et \u00e0 d&rsquo;autres dispositions, nous nous effor\u00e7ons de transmettre notre planification annuelle des travaux d&rsquo;exploration aux repr\u00e9sentants des municipalit\u00e9s locales et des communaut\u00e9s autochtones concern\u00e9es.<\/p>\n<p>Vous trouverez ci-dessous les documents relatifs \u00e0 la planification annuelle des travaux d&rsquo;exploration. Ces documents comprennent des informations d\u00e9taill\u00e9es sur les m\u00e9thodes de r\u00e9alisation des travaux, les types de travaux \u00e0 r\u00e9aliser, ainsi que les impacts environnementaux potentiels. Nous vous invitons \u00e0 les consulter attentivement et \u00e0 nous contacter pour toute question ou pr\u00e9occupation.<br \/>\n&nbsp;<\/p>\n<p>&nbsp;<\/p>\n<p><\/p>\n","protected":false},"excerpt":{"rendered":"<p>Bienvenue sur notre page d\u00e9di\u00e9e \u00e0 la planification des travaux d&rsquo;exploration. En tant que soci\u00e9t\u00e9 mini\u00e8re responsable, nous nous engageons \u00e0 respecter les normes environnementales et les exigences l\u00e9gales. Conform\u00e9ment \u00e0 la Loi sur les mines et \u00e0 d&rsquo;autres dispositions, nous nous effor\u00e7ons de transmettre notre planification annuelle des travaux d&rsquo;exploration aux repr\u00e9sentants des municipalit\u00e9s [&hellip;]<\/p>\n","protected":false},"author":3,"featured_media":0,"parent":0,"menu_order":0,"comment_status":"closed","ping_status":"closed","template":"exploration-work-planning.php","meta":{"footnotes":""},"class_list":["post-4369","page","type-page","status-publish","hentry"],"acf":[],"_links":{"self":[{"href":"https:\/\/www.abcourt.ca\/fr\/wp-json\/wp\/v2\/pages\/4369","targetHints":{"allow":["GET"]}}],"collection":[{"href":"https:\/\/www.abcourt.ca\/fr\/wp-json\/wp\/v2\/pages"}],"about":[{"href":"https:\/\/www.abcourt.ca\/fr\/wp-json\/wp\/v2\/types\/page"}],"author":[{"embeddable":true,"href":"https:\/\/www.abcourt.ca\/fr\/wp-json\/wp\/v2\/users\/3"}],"replies":[{"embeddable":true,"href":"https:\/\/www.abcourt.ca\/fr\/wp-json\/wp\/v2\/comments?post=4369"}],"version-history":[{"count":11,"href":"https:\/\/www.abcourt.ca\/fr\/wp-json\/wp\/v2\/pages\/4369\/revisions"}],"predecessor-version":[{"id":4826,"href":"https:\/\/www.abcourt.ca\/fr\/wp-json\/wp\/v2\/pages\/4369\/revisions\/4826"}],"wp:attachment":[{"href":"https:\/\/www.abcourt.ca\/fr\/wp-json\/wp\/v2\/media?parent=4369"}],"curies":[{"name":"wp","href":"https:\/\/api.w.org\/{rel}","templated":true}]}}