{"id":3960,"date":"2024-10-23T21:01:12","date_gmt":"2024-10-23T21:01:12","guid":{"rendered":"https:\/\/www.abcourt.ca\/?page_id=3960"},"modified":"2024-10-23T21:02:14","modified_gmt":"2024-10-23T21:02:14","slug":"abcourt-annonce-ses-resultats-du-quatrieme-trimestre-et-de-lexercice-clos-le-30-juin-2024","status":"publish","type":"page","link":"https:\/\/www.abcourt.ca\/fr\/abcourt-annonce-ses-resultats-du-quatrieme-trimestre-et-de-lexercice-clos-le-30-juin-2024\/","title":{"rendered":"Abcourt annonce ses r\u00e9sultats du quatri\u00e8me trimestre et de l\u2019exercice clos le 30 juin 2024"},"content":{"rendered":"<p>ROUYN-NORANDA, Qu\u00e9bec, 22 oct. 2024 (GLOBE NEWSWIRE) &#8212; <strong>Mines Abcourt Inc. (\u00ab Abcourt \u00bb ou la \u00ab\u00a0Soci\u00e9t\u00e9\u00a0\u00bb) (TSX Venture : ABI) (OTCQB\u00a0: ABMBF) <\/strong>annonce ses r\u00e9sultats du quatri\u00e8me trimestre et de l\u2019exercice clos le 30 juin 2024. Toutes les valeurs mon\u00e9taires dans ce communiqu\u00e9 de presse sont exprim\u00e9es en dollars canadiens, sauf indication contraire. Les \u00e9tats financiers et rapport de gestion sont disponibles sur SEDAR+.<\/p>\n<p>&nbsp;<\/p>\n<p><strong>Faits saillants de l\u2019exercice<\/strong><\/p>\n<ul>\n<li>En juillet 2023, la Soci\u00e9t\u00e9 a publi\u00e9 le rapport technique et l\u2019\u00e9valuation \u00e9conomique pr\u00e9liminaire du projet G\u00e9ant Dormant (\u00ab\u00a0EEP\u00a0\u00bb) conform\u00e9ment au R\u00e8glement 43-101\u00a0sur l\u2019information concernant les projets miniers;<\/li>\n<li>En juillet 2023, Robert Gagnon, g\u00e9ologue, g\u00e9ologue, a \u00e9t\u00e9 nomm\u00e9 vice-pr\u00e9sident exploration de la Soci\u00e9t\u00e9;<\/li>\n<li>En novembre 2023, Abcourt a r\u00e9alis\u00e9 une campagne de forage sur la propri\u00e9t\u00e9 Flordin. En tout, 1 512 m\u00e8tres de forage ont \u00e9t\u00e9 r\u00e9alis\u00e9s (8 sondages) \u00e0 l\u2019automne 2023 dans le secteur Est de la propri\u00e9t\u00e9, 1 km \u00e0 l\u2019est du secteur travaill\u00e9 par Cambior en 1988. Le sondage FL-23-265 a recoup\u00e9 deux zones min\u00e9ralis\u00e9es en or dans un intervalle de 36 \u00e0 52 m. La premi\u00e8re zone min\u00e9ralis\u00e9e a rapport\u00e9 3,58 g\/t d\u2019or sur 4 m de 36 \u00e0 40 m, et la seconde a rapport\u00e9 14,79 g\/t d\u2019or sur 4 m de 48 \u00e0 52 m. Cette campagne de forage a permis de confirmer la pr\u00e9sence de nouvelles zones \u00e0 haute teneur en or situ\u00e9es pr\u00e8s de la surface;<\/li>\n<li>Travaux d\u2019exploration totalisant 4\u00a0682\u00a0986\u00a0$ pour l\u2019exercice, soit principalement des d\u00e9penses de prospection et d\u2019\u00e9valuation engag\u00e9es sur la propri\u00e9t\u00e9 G\u00e9ant Dormant pour la campagne de forage sous-terrain pour un montant d\u2019environ 3\u00a0827\u00a0538\u00a0$ et pour le traitement de l\u2019\u00e9chantillonnage en vrac de 5\u00a0000 tonnes de la propri\u00e9t\u00e9 Courville (Pershing Manitou);<\/li>\n<li>L\u2019usine G\u00e9ant Dormant a termin\u00e9 l\u2019\u00e9chantillonnage en vrac de pr\u00e8s de 5 000 tonnes provenant du projet Pershing-Manitou en avril 2024;<\/li>\n<li>La Soci\u00e9t\u00e9 a r\u00e9alis\u00e9 environ 3\u00a0143 m\u00e8tres de forage de d\u00e9finition et d\u2019exploration \u00e0 la mine G\u00e9ant Dormant sur les 4 niveaux sup\u00e9rieurs de la mine afin de peaufiner le mod\u00e8le g\u00e9ologique sur ces niveaux et de supporter la planification de l\u2019ing\u00e9nierie vers une \u00e9tude \u00e9conomique de pr\u00e9faisabilit\u00e9;<\/li>\n<li>R\u00e9cup\u00e9ration de 327 onces d\u2019or provenant de 1 428 tonnes de la mine G\u00e9ant Dormant \u00e0 une teneur d\u2019alimentation de 7,4 g\/t, avec une r\u00e9cup\u00e9ration \u00e0 l\u2019usine de 95,7% ;<\/li>\n<li>R\u00e9cup\u00e9ration de 269,6 onces d\u2019or provenant de 5\u00a0361 tonnes du projet Pershing-Manitou \u00e0 une teneur d\u2019alimentation de 1,7 g\/t, avec une r\u00e9cup\u00e9ration \u00e0 l\u2019usine de 89,9%;<\/li>\n<li>Ventes d\u2019environ 345\u00a0onces d\u2019or \u00e0 un prix moyen r\u00e9alis\u00e9 de 2\u00a0674\u00a0$ (1\u00a0992\u00a0$\u00a0US) l\u2019once, compar\u00e9 \u00e0 5\u00a0545\u00a0onces d\u2019or \u00e0 un prix moyen r\u00e9alis\u00e9 de 2\u00a0439\u00a0$ (1\u00a0832\u00a0$US) en 2023. Les ventes d\u2019or sont issues de la r\u00e9cup\u00e9ration aurif\u00e8re durant l\u2019\u00e9chantillonnage en vrac des propri\u00e9t\u00e9s Courville (Pershing Manitou) et G\u00e9ant Dormant;<\/li>\n<li>Le 17 juin 2024, la Soci\u00e9t\u00e9 a conclu une entente d&rsquo;option avec Qu\u00e9bec Lafleur Minerals Inc. (anciennement Qu\u00e9bec Pegmatite Holdings Corp.) (\u00ab\u00a0LaFleur\u00a0\u00bb) en vertu de laquelle Abcourt accordait \u00e0 LaFleur le droit d&rsquo;acqu\u00e9rir un int\u00e9r\u00eat de 100% dans 141 claims miniers d\u00e9tenus par la Soci\u00e9t\u00e9 et couvrant environ 5\u00a0579 hectares. La propri\u00e9t\u00e9 optionn\u00e9e comprend des portions des projets Courville et Abcourt Barvue, soit les secteurs Jolin (Courville) et Bartec (Abcourt-Barvue) et contigus \u00e0 la propri\u00e9t\u00e9 Swanson, LaFleur devait payer 500\u00a0000\u00a0$ en esp\u00e8ces dans les 10 jours de la signature de l\u2019entente pour acqu\u00e9rir 25\u00a0% de la propri\u00e9t\u00e9 (conditions respect\u00e9es au 30 juin 2024);<\/li>\n<li>Le 8 juillet 2024, LaFleur a choisi d\u2019acc\u00e9l\u00e9rer l\u2019exercice des conditions restantes de l\u2019entente en proc\u00e9dant au paiement par l\u2019\u00e9mission d\u2019actions de son capital action pour un montant totalisant 1\u00a0500\u00a0000\u00a0$ afin d\u2019acqu\u00e9rir l\u2019int\u00e9r\u00eat de 75\u00a0% restant dans la propri\u00e9t\u00e9. LaFleur a \u00e9mis 4\u00a0299\u00a0211 actions \u00e0 Abcourt \u00e0 un prix r\u00e9put\u00e9 de 0,3489 $ par action;<\/li>\n<li>Le 23 ao\u00fbt 2023, la Soci\u00e9t\u00e9 a octroy\u00e9 19\u00a0000\u00a0000 options d\u2019achat d\u2019actions en faveur des administrateurs et dirigeants, et de certains employ\u00e9s et consultants de la Soci\u00e9t\u00e9;<\/li>\n<li>Le 30 avril 2024, lors d\u2019une assembl\u00e9e extraordinaire des actionnaires de la Soci\u00e9t\u00e9, les actionnaires d\u00e9sint\u00e9ress\u00e9s ont approuv\u00e9 une r\u00e9solution permettant la cr\u00e9ation d\u2019un actionnaire dominant de la Soci\u00e9t\u00e9 (tel que ce terme est d\u00e9fini dans les politiques de la Bourse), soit Fran\u00e7ois Mestrallet, administrateur, directement et par l\u2018entremise de SARL MF;<\/li>\n<li>Entre le 6 septembre et 15 d\u00e9cembre 2023, la Soci\u00e9t\u00e9 a cl\u00f4tur\u00e9 quatre tranches d\u2019un placement priv\u00e9 compos\u00e9 de 64\u00a0503\u00a0750 unit\u00e9s au prix de 0,04\u00a0$ l\u2019unit\u00e9 pour un produit brut total de 2\u00a0580\u00a0150\u00a0$\u00a0;<\/li>\n<li>Entre le 26 mars et le 27 juin 2024, la Soci\u00e9t\u00e9 a cl\u00f4tur\u00e9 cinq tranches d\u2019un placement priv\u00e9 compos\u00e9 de 88\u00a0434\u00a0400 unit\u00e9s au prix de 0,05\u00a0$ l\u2019unit\u00e9 pour un produit brut total de 4\u00a0421\u00a0720\u00a0$\u00a0;<\/li>\n<li>Tr\u00e9sorerie de 757\u00a0753\u00a0$ au 30 juin 2024, compar\u00e9 \u00e0 963\u00a0974\u00a0$ au 30 juin 2023. Fonds de roulement n\u00e9gatif de la Soci\u00e9t\u00e9 de 4\u00a0947\u00a0411\u00a0$ compar\u00e9 \u00e0 (4\u00a0476\u00a0223)\u00a0$ au 30\u00a0juin\u00a02023.<\/li>\n<\/ul>\n<p>&nbsp;<\/p>\n<p><strong>\u00c0 PROPOS DE MINES ABCOURT INC.<\/strong><\/p>\n<p>Mines Abcourt Inc. est une soci\u00e9t\u00e9 canadienne d\u2019exploration aurif\u00e8re avec des propri\u00e9t\u00e9s strat\u00e9giquement situ\u00e9es dans le nord-ouest du Qu\u00e9bec, au Canada. Abcourt poss\u00e8de l\u2019usine et la mine G\u00e9ant Dormant, d\u00e9tenues \u00e0 100%, o\u00f9 elle concentre ses activit\u00e9s. La mine G\u00e9ant Dormant poss\u00e8de un bail minier ainsi que les certificats d\u2019autorisation environnementaux pour extraire jusqu\u2019\u00e0 800 tonnes par jour de sa mine souterraine.<\/p>\n<p>Pour plus d\u2019informations sur Mines Abcourt inc., veuillez visiter notre site Web \u00e0 <a href=\"https:\/\/connect.notified.com\/Tracker?data=acNzz-jIWTqhwDfpB0WQQXV0vqq2voBfGbVBpRMKwWPK-DlKDJ6PsCtm6cBpVDFBtSLrFnPLqZl7Jpc2dTN7Dw==000196752996\">www.abcourt.ca<\/a> et consultez nos d\u00e9p\u00f4ts sous le profil d\u2019Abcourt sur <a href=\"https:\/\/connect.notified.com\/Tracker?data=Jqn4UFADposgsCuRTKqcjYgMdn6161YkcjtXkfSW7QdUENN16twa2kQKauB0e00aGlBAfWzEVX6laytgYYGnAzX9ZTUQxUophBD4JpSCdZ0=000196752996\">www.sedarplus.ca<\/a>.<\/p>\n<p>&nbsp;<\/p>\n<table width=\"100%\">\n<tbody>\n<tr>\n<td width=\"50%\"><strong>Pascal Hamelin<\/strong><\/td>\n<td width=\"50%\"><strong>Dany Cenac Robert, Relations aux investisseurs<\/strong><\/td>\n<\/tr>\n<tr>\n<td><strong>Pr\u00e9sident et chef de la direction<\/strong><\/td>\n<td><strong>Reseau ProMarket Inc.,<\/strong><\/td>\n<\/tr>\n<tr>\n<td>T\u00a0: (819)\u00a0768-2857<\/td>\n<td>T\u00a0: (514)\u00a0722-2276, poste\u00a0456<\/td>\n<\/tr>\n<tr>\n<td>Courriel\u00a0:\u00a0<a href=\"mailto:phamelin@abcourt.com\">phamelin@abcourt.com<\/a><\/td>\n<td>Courriel\u00a0: <a href=\"mailto:dany.cenac-robert@reseaupromarket.com\">dany.cenac-robert@reseaupromarket.com<\/a><\/td>\n<\/tr>\n<\/tbody>\n<\/table>\n<p>&nbsp;<\/p>\n<p><strong><u><br \/>\n<\/u><\/strong><strong>D\u00c9CLARATIONS PROSPECTIVES<\/strong><\/p>\n<p><em>Certaines informations contenues dans le pr\u00e9sent communiqu\u00e9 peuvent constituer une \u00ab\u2009information prospective\u2009\u00bb au sens de la l\u00e9gislation canadienne sur les valeurs mobili\u00e8res. En r\u00e8gle g\u00e9n\u00e9rale, les informations prospectives peuvent \u00eatre identifi\u00e9es \u00e0 l\u2019aide d\u2019une terminologie prospective, telle que \u00ab\u2009planifie\u2009\u00bb, \u00ab\u2009vise\u2009\u00bb, \u00ab\u2009s\u2019attends \u00e0\u2009\u00bb, \u00ab\u2009projette\u2009\u00bb, \u00ab\u2009\u00e0 l\u2019intention\u2009\u00bb, \u00ab\u2009anticipe\u2009\u00bb, \u00ab\u2009estime\u2009\u00bb, \u00ab\u2009pourraient\u2009\u00bb, \u00ab\u2009devraient\u2009\u00bb, \u00ab\u2009probable\u2009\u00bb, ou des variantes de ces mots et expressions ou d\u00e9clarations sp\u00e9cifiant que certains actes, \u00e9v\u00e9nements ou r\u00e9sultats \u00ab\u2009pourraient\u2009\u00bb, \u00ab\u2009devraient\u2009\u00bb se produire, \u00ab\u2009se produiront\u2009\u00bb ou \u00ab\u2009seront atteints\u2009\u00bb ou autres expressions similaires. De tels \u00e9nonc\u00e9s prospectifs, qui concernent notamment la lev\u00e9e de l\u2019ordonnance, des \u00e9nonc\u00e9s concernant des \u00e9v\u00e9nements futurs ou des performances futures, la performance g\u00e9n\u00e9rale des actifs de la Soci\u00e9t\u00e9 ainsi que les r\u00e9sultats de l&rsquo;exploration et des activit\u00e9s de d\u00e9veloppement de la Soci\u00e9t\u00e9, sont bas\u00e9s sur les estimations d\u2019Abcourt et sont sujets \u00e0 des risques connus et inconnus, des incertitudes et d\u2019autres facteurs susceptibles de faire en sorte que les r\u00e9sultats r\u00e9els, le niveau d\u2019activit\u00e9, le rendement ou les r\u00e9alisations d\u2019Abcourt soient consid\u00e9rablement diff\u00e9rents de ceux exprim\u00e9s de fa\u00e7on explicite ou implicite par de telles d\u00e9clarations prospectives ou informations prospectives. Les \u00e9nonc\u00e9s prospectifs sont assujettis \u00e0 des facteurs commerciaux et \u00e9conomiques et \u00e0 des incertitudes, ainsi qu\u2019\u00e0 d\u2019autres facteurs qui pourraient faire en sorte que les r\u00e9sultats r\u00e9els diff\u00e8rent consid\u00e9rablement de ces \u00e9nonc\u00e9s prospectifs, y compris les hypoth\u00e8ses pertinentes et les facteurs de risque \u00e9nonc\u00e9s dans les documents publics d\u2019Abcourt, sont disponibles sur SEDAR+ \u00e0 <\/em><a href=\"https:\/\/connect.notified.com\/Tracker?data=Jqn4UFADposgsCuRTKqcjQ4CFSs76kaKOdnXVOTGZpQJRedPHTm6jJ9pCKY_K2h3Gp01MNJ3vxvDQmludhY3dnYqVNcOvUIiQf57f3BwlR8=000196752996\"><em>www.sedarplus.ca<\/em><\/a><em>. Rien ne garantit que ces d\u00e9clarations se r\u00e9v\u00e9leront exactes, car les r\u00e9sultats r\u00e9els et les \u00e9v\u00e9nements futurs pourraient diff\u00e9rer consid\u00e9rablement de ceux anticip\u00e9s dans ces d\u00e9clarations. Par cons\u00e9quent, les lecteurs ne doivent pas se fier ind\u00fbment aux d\u00e9clarations prospectives et aux informations prospectives. Bien que Abcourt estime que les hypoth\u00e8ses et les facteurs utilis\u00e9s dans la pr\u00e9paration des \u00e9nonc\u00e9s prospectifs sont raisonnables, on ne devrait pas se fier ind\u00fbment \u00e0 ces d\u00e9clarations. \u00c0 moins que les lois sur les valeurs mobili\u00e8res applicables ne l\u2019exigent, Abcourt d\u00e9cline toute intention ou obligation de mettre \u00e0 jour ou de r\u00e9viser l\u2019une ou l\u2019autre de ces d\u00e9clarations ou informations prospectives, que ce soit \u00e0 la lumi\u00e8re de nouvelles informations, d\u2019\u00e9v\u00e9nements futurs ou autrement.<\/em><\/p>\n<p><em>La Bourse de croissance TSX et son fournisseur de services de r\u00e9glementation (tel que d\u00e9fini dans les politiques de la Bourse de croissance TSX) n\u2019assument aucune responsabilit\u00e9 quant \u00e0 la pertinence ou \u00e0 l\u2019exactitude de ce communiqu\u00e9 de presse.<\/em><\/p>\n","protected":false},"excerpt":{"rendered":"<p>ROUYN-NORANDA, Qu\u00e9bec, 22 oct. 2024 (GLOBE NEWSWIRE) &#8212; Mines Abcourt Inc. (\u00ab Abcourt \u00bb ou la \u00ab\u00a0Soci\u00e9t\u00e9\u00a0\u00bb) (TSX Venture : ABI) (OTCQB\u00a0: ABMBF) annonce ses r\u00e9sultats du quatri\u00e8me trimestre et de l\u2019exercice clos le 30 juin 2024. Toutes les valeurs mon\u00e9taires dans ce communiqu\u00e9 de presse sont exprim\u00e9es en dollars canadiens, sauf indication contraire. Les [&hellip;]<\/p>\n","protected":false},"author":1,"featured_media":3611,"parent":0,"menu_order":0,"comment_status":"closed","ping_status":"closed","template":"","meta":{"footnotes":""},"class_list":["post-3960","page","type-page","status-publish","has-post-thumbnail","hentry"],"acf":[],"_links":{"self":[{"href":"https:\/\/www.abcourt.ca\/fr\/wp-json\/wp\/v2\/pages\/3960","targetHints":{"allow":["GET"]}}],"collection":[{"href":"https:\/\/www.abcourt.ca\/fr\/wp-json\/wp\/v2\/pages"}],"about":[{"href":"https:\/\/www.abcourt.ca\/fr\/wp-json\/wp\/v2\/types\/page"}],"author":[{"embeddable":true,"href":"https:\/\/www.abcourt.ca\/fr\/wp-json\/wp\/v2\/users\/1"}],"replies":[{"embeddable":true,"href":"https:\/\/www.abcourt.ca\/fr\/wp-json\/wp\/v2\/comments?post=3960"}],"version-history":[{"count":1,"href":"https:\/\/www.abcourt.ca\/fr\/wp-json\/wp\/v2\/pages\/3960\/revisions"}],"predecessor-version":[{"id":3961,"href":"https:\/\/www.abcourt.ca\/fr\/wp-json\/wp\/v2\/pages\/3960\/revisions\/3961"}],"wp:featuredmedia":[{"embeddable":true,"href":"https:\/\/www.abcourt.ca\/fr\/wp-json\/wp\/v2\/media\/3611"}],"wp:attachment":[{"href":"https:\/\/www.abcourt.ca\/fr\/wp-json\/wp\/v2\/media?parent=3960"}],"curies":[{"name":"wp","href":"https:\/\/api.w.org\/{rel}","templated":true}]}}