{"id":383,"date":"2019-04-02T15:54:00","date_gmt":"2019-04-02T15:54:00","guid":{"rendered":"http:\/\/explorationorex.ca\/dev\/?page_id=383"},"modified":"2024-05-20T07:11:24","modified_gmt":"2024-05-20T07:11:24","slug":"sante-et-securite","status":"publish","type":"page","link":"https:\/\/www.abcourt.ca\/fr\/sante-et-securite\/","title":{"rendered":"Sant\u00e9 et s\u00e9curit\u00e9"},"content":{"rendered":"<h1><img loading=\"lazy\" decoding=\"async\" class=\"aligncenter wp-image-1382 \" src=\"https:\/\/abcourt.com\/wp-content\/uploads\/2017\/10\/mineurs-1024x577.jpg\" sizes=\"auto, (max-width: 1024px) 100vw, 1024px\" srcset=\"https:\/\/abcourt.com\/wp-content\/uploads\/2017\/10\/mineurs-1024x577.jpg 1024w, https:\/\/abcourt.com\/wp-content\/uploads\/2017\/10\/mineurs-300x169.jpg 300w, https:\/\/abcourt.com\/wp-content\/uploads\/2017\/10\/mineurs-768x432.jpg 768w, https:\/\/abcourt.com\/wp-content\/uploads\/2017\/10\/mineurs.jpg 1135w\" alt=\"\" width=\"437\" height=\"246\" \/><\/h1>\n<p style=\"text-align: left;\">La mine Elder exige l\u2019engagement de tous ses employ\u00e9s afin de garantir un milieu de travail sans incident et sans accident. L\u2019engagement envers le d\u00e9veloppement durable par tous les employ\u00e9s est fondamental \u00e0 la r\u00e9ussite de cette exploitation mini\u00e8re. Afin de maintenir ces objectifs, la direction oriente les employ\u00e9s en \u00e9tablissant avec eux des pratiques en mati\u00e8re de sant\u00e9, s\u00e9curit\u00e9 et d\u00e9veloppement durable.<\/p>\n<p><strong>Principes fondamentaux concernant la sant\u00e9 et s\u00e9curit\u00e9\u00a0:<\/strong><\/p>\n<ul>\n<li>\u00catre conforme aux lois applicables tout en d\u00e9passant les attentes de la communaut\u00e9;<\/li>\n<li>\u00catre constamment en am\u00e9lioration en mati\u00e8re de sant\u00e9 et s\u00e9curit\u00e9 et s\u2019assurer de mettre en place des objectifs r\u00e9alistes et en les r\u00e9\u00e9valuant ;<\/li>\n<li>Responsabiliser tous les employ\u00e9s en mati\u00e8re de sant\u00e9 et s\u00e9curit\u00e9 ;<\/li>\n<li>Mettre en place les meilleures pratiques possibles en sant\u00e9 et s\u00e9curit\u00e9 et les int\u00e9grer quotidiennement \u00e0 l\u2019exploitation afin d\u2019exceller en la mati\u00e8re ;<\/li>\n<li>Donner la formation requise aux employ\u00e9s, et ce de fa\u00e7on continue, afin qu\u2019ils soient conscients de leurs responsabilit\u00e9s et qu\u2019ils travaillent de mani\u00e8re ad\u00e9quate ;<\/li>\n<li>Assurer un milieu de travail s\u00e9curitaire en tout temps.<\/li>\n<\/ul>\n<p>&nbsp;<\/p>\n<p><strong>Principes fondamentaux mis en place concernant le d\u00e9veloppement durable<\/strong>\u00a0:<\/p>\n<ul>\n<li>Mettre en place des pratiques d\u2019exploitation du site qui respectent les lois et les r\u00e8glements applicables afin de minimiser les impacts environnementaux et sociaux ;<\/li>\n<li>Encourager tous les employ\u00e9s \u00e0 s\u2019engager et \u00e0 se conscientiser envers l\u2019am\u00e9lioration continue pour la protection de l\u2019environnement ;<\/li>\n<li>Int\u00e9grer la gestion des risques en maintenant des plans et des mesures d\u2019urgence afin de r\u00e9duire au maximum les impacts d\u2019\u00e9v\u00e8nements impr\u00e9vus ;<\/li>\n<li>Parfaire nos connaissances afin d\u2019am\u00e9liorer notre performance environnementale en ayant des cibles pr\u00e9cises et mesurables pour r\u00e9duire l\u2019impact des perturbations, des confinements et des d\u00e9versements.<\/li>\n<\/ul>\n","protected":false},"excerpt":{"rendered":"<p>La mine Elder exige l\u2019engagement de tous ses employ\u00e9s afin de garantir un milieu de travail sans incident et sans accident. L\u2019engagement envers le d\u00e9veloppement durable par tous les employ\u00e9s est fondamental \u00e0 la r\u00e9ussite de cette exploitation mini\u00e8re. Afin de maintenir ces objectifs, la direction oriente les employ\u00e9s en \u00e9tablissant avec eux des pratiques [&hellip;]<\/p>\n","protected":false},"author":2,"featured_media":0,"parent":0,"menu_order":0,"comment_status":"closed","ping_status":"closed","template":"","meta":{"footnotes":""},"class_list":["post-383","page","type-page","status-publish","hentry"],"acf":[],"_links":{"self":[{"href":"https:\/\/www.abcourt.ca\/fr\/wp-json\/wp\/v2\/pages\/383","targetHints":{"allow":["GET"]}}],"collection":[{"href":"https:\/\/www.abcourt.ca\/fr\/wp-json\/wp\/v2\/pages"}],"about":[{"href":"https:\/\/www.abcourt.ca\/fr\/wp-json\/wp\/v2\/types\/page"}],"author":[{"embeddable":true,"href":"https:\/\/www.abcourt.ca\/fr\/wp-json\/wp\/v2\/users\/2"}],"replies":[{"embeddable":true,"href":"https:\/\/www.abcourt.ca\/fr\/wp-json\/wp\/v2\/comments?post=383"}],"version-history":[{"count":34,"href":"https:\/\/www.abcourt.ca\/fr\/wp-json\/wp\/v2\/pages\/383\/revisions"}],"predecessor-version":[{"id":2924,"href":"https:\/\/www.abcourt.ca\/fr\/wp-json\/wp\/v2\/pages\/383\/revisions\/2924"}],"wp:attachment":[{"href":"https:\/\/www.abcourt.ca\/fr\/wp-json\/wp\/v2\/media?parent=383"}],"curies":[{"name":"wp","href":"https:\/\/api.w.org\/{rel}","templated":true}]}}