{"id":378,"date":"2019-04-02T15:48:24","date_gmt":"2019-04-02T15:48:24","guid":{"rendered":"http:\/\/explorationorex.ca\/dev\/?page_id=378"},"modified":"2024-05-20T07:11:23","modified_gmt":"2024-05-20T07:11:23","slug":"carrieres","status":"publish","type":"page","link":"https:\/\/www.abcourt.ca\/fr\/carrieres\/","title":{"rendered":"Carri\u00e8res"},"content":{"rendered":"<p>&nbsp;<\/p>\n<p><img loading=\"lazy\" decoding=\"async\" class=\"alignnone wp-image-1053 size-full\" src=\"https:\/\/www.abcourt.ca\/wp-content\/uploads\/2021\/08\/Bannieere-embauche-FR.jpg\" alt=\"\" width=\"1323\" height=\"185\" srcset=\"https:\/\/www.abcourt.ca\/wp-content\/uploads\/2021\/08\/Bannieere-embauche-FR.jpg 1323w, https:\/\/www.abcourt.ca\/wp-content\/uploads\/2021\/08\/Bannieere-embauche-FR-300x42.jpg 300w, https:\/\/www.abcourt.ca\/wp-content\/uploads\/2021\/08\/Bannieere-embauche-FR-1024x143.jpg 1024w, https:\/\/www.abcourt.ca\/wp-content\/uploads\/2021\/08\/Bannieere-embauche-FR-768x107.jpg 768w\" sizes=\"auto, (max-width: 1323px) 100vw, 1323px\" \/><\/p>\n<p><img loading=\"lazy\" decoding=\"async\" class=\"alignnone size-medium wp-image-1043\" src=\"https:\/\/www.abcourt.ca\/wp-content\/uploads\/2016\/08\/Espacement-site-web-300x30.jpg\" alt=\"\" width=\"300\" height=\"30\" srcset=\"https:\/\/www.abcourt.ca\/wp-content\/uploads\/2016\/08\/Espacement-site-web-300x30.jpg 300w, https:\/\/www.abcourt.ca\/wp-content\/uploads\/2016\/08\/Espacement-site-web.jpg 360w\" sizes=\"auto, (max-width: 300px) 100vw, 300px\" \/><\/p>\n<p>La mine Elder est situ\u00e9e \u00e0 seulement 10 kilom\u00e8tres de Rouyn-Noranda, qui est un important centre d\u2019activit\u00e9 \u00e9conomique et minier, offrant tous les services.\u00a0 La mine Elder est une mine conventionnelle sur rails, en production commerciale depuis janvier 2016.<br \/>\n<img decoding=\"async\" class=\"wp-image-1323 size-medium alignleft\" src=\"https:\/\/www.abcourt.ca\/wp-content\/uploads\/2022\/04\/mineur4-300x200-1.jpg\" \/><\/p>\n<p>Nous nous faisons un devoir d\u2019\u00eatre \u00e0 l\u2019\u00e9coute de nos employ\u00e9s et de leur offrir un environnement stimulant dans lequel ils peuvent se r\u00e9aliser pleinement.<img decoding=\"async\" class=\"wp-image-1377 size-medium alignright\" src=\"https:\/\/www.abcourt.ca\/wp-content\/uploads\/2022\/04\/mineur3-300x200-1.jpg\" \/><\/p>\n<p>La mine Elder op\u00e8re maintenant avec un horaire de travail de jour 7-7.<\/p>\n<p>Des programmes dynamiques de formation sont offerts sur une base r\u00e9guli\u00e8re.<\/p>\n<p>Mines Abcourt propose une gamme d\u2019avantages sociaux compl\u00e8te.<\/p>\n<p><img loading=\"lazy\" decoding=\"async\" class=\"alignnone size-medium wp-image-1043\" src=\"https:\/\/www.abcourt.ca\/wp-content\/uploads\/2016\/08\/Espacement-site-web-300x30.jpg\" alt=\"\" width=\"300\" height=\"30\" srcset=\"https:\/\/www.abcourt.ca\/wp-content\/uploads\/2016\/08\/Espacement-site-web-300x30.jpg 300w, https:\/\/www.abcourt.ca\/wp-content\/uploads\/2016\/08\/Espacement-site-web.jpg 360w\" sizes=\"auto, (max-width: 300px) 100vw, 300px\" \/><\/p>\n<p>Voici la liste des emplois disponibles:<\/p>\n<table>\n<tbody>\n<tr>\n<td><strong>\u2013<\/strong><\/td>\n<td><strong>MINE ABCOURT<\/strong><\/td>\n<\/tr>\n<tr>\n<td><strong>\u2013<\/strong><\/td>\n<td>Pr\u00e9sident et chef de la direction ( voir la description du poste: <a href=\"https:\/\/www.abcourt.ca\/wp-content\/uploads\/2022\/02\/Description.pdf\" target=\"_blank\" rel=\"noopener noreferrer\">ici<\/a> )<\/td>\n<\/tr>\n<tr>\n<td><strong>\u2013<\/strong><\/td>\n<td>G\u00e9rant g\u00e9n\u00e9ral<\/td>\n<\/tr>\n<tr>\n<td><\/td>\n<td><\/td>\n<\/tr>\n<tr>\n<td><\/td>\n<td><\/td>\n<\/tr>\n<tr>\n<td><\/td>\n<td><\/td>\n<\/tr>\n<tr>\n<td><\/td>\n<td><\/td>\n<\/tr>\n<tr>\n<td><\/td>\n<td><\/td>\n<\/tr>\n<tr>\n<td><\/td>\n<td><\/td>\n<\/tr>\n<\/tbody>\n<\/table>\n<table>\n<tbody>\n<tr>\n<td><strong>\u2013<\/strong><\/td>\n<td><strong>MINE ELDER<\/strong><\/td>\n<\/tr>\n<tr>\n<td><strong>\u2013<\/strong><\/td>\n<td>Op\u00e9rateur de treuil<\/td>\n<\/tr>\n<tr>\n<td><strong>\u2013<\/strong><\/td>\n<td>Op\u00e9rateur de cage<\/td>\n<\/tr>\n<tr>\n<td><strong>\u2013<\/strong><\/td>\n<td>Racleur<\/td>\n<\/tr>\n<tr>\n<td><strong>\u2013<\/strong><\/td>\n<td>Pr\u00e9ventioniste<\/td>\n<\/tr>\n<tr>\n<td><strong>\u2013<\/strong><\/td>\n<td>Mineur<\/td>\n<\/tr>\n<tr>\n<td><strong>\u2013<\/strong><\/td>\n<td>\u00c9lectricien<\/td>\n<\/tr>\n<tr>\n<td><strong>\u2013<\/strong><\/td>\n<td>Concierge<\/td>\n<\/tr>\n<tr>\n<td><\/td>\n<td><\/td>\n<\/tr>\n<\/tbody>\n<\/table>\n<p>&nbsp;<\/p>\n<table>\n<tbody>\n<tr>\n<td><strong>\u2013<\/strong><\/td>\n<td><strong>MINE G\u00c9ANT DORMANT<br \/>\n<\/strong><\/td>\n<\/tr>\n<tr>\n<td><strong>\u2013<\/strong><\/td>\n<td>Arpenteur<\/td>\n<\/tr>\n<tr>\n<td><strong>\u2013<\/strong><\/td>\n<td>G\u00e9ologue<\/td>\n<\/tr>\n<tr>\n<td><strong>\u2013<\/strong><\/td>\n<td>Ing\u00e9nieur<\/td>\n<\/tr>\n<tr>\n<td><strong>\u2013<\/strong><\/td>\n<td>Surintendant d&rsquo;usine<\/td>\n<\/tr>\n<tr>\n<td><strong>\u2013<\/strong><\/td>\n<td>Pr\u00e9ventioniste<\/td>\n<\/tr>\n<tr>\n<td><strong>\u2013<\/strong><\/td>\n<td>Technicien de laboratoire (pyrotechnie)<\/td>\n<\/tr>\n<tr>\n<td><strong>\u2013<\/strong><\/td>\n<td>Op\u00e9rateur concasseur<\/td>\n<\/tr>\n<tr>\n<td><strong>\u2013<\/strong><\/p>\n<p><strong>\u2013<\/strong><\/p>\n<p><strong>\u2013<\/strong><\/p>\n<p><strong>\u2013<\/strong><\/p>\n<p><strong>\u2013<\/strong><\/p>\n<p>&nbsp;<\/td>\n<td>Mineur<\/p>\n<p>M\u00e9canicien<\/p>\n<p>Comis \u00e0 l&rsquo;entrep\u00f4t<\/p>\n<p>Agent de s\u00e9curit\u00e9<\/p>\n<p>Concierge<\/p>\n<p>&nbsp;<\/td>\n<\/tr>\n<\/tbody>\n<\/table>\n<h4>R\u00c9MUN\u00c9RATION<\/h4>\n<p>Le salaire est concurrentiel et est \u00e9tabli en fonction de la formation et l\u2019exp\u00e9rience du candidat. Il comprend \u00e9galement une gammecompl\u00e8te d\u2019avantage sociaux int\u00e9ressants.<\/p>\n<p>Les personnes int\u00e9ress\u00e9es sont invit\u00e9es \u00e0 nous faire parvenir leur curriculum vitea.<\/p>\n<p>&nbsp;<\/p>\n<p>Pour Elder : rhelder@abcourt.com<br \/>\nPour G\u00e9ant Dormant :rhgd@abcourt.com<\/p>\n<p>Mines Abcourt souscrit au principe d\u2019\u00e9quit\u00e9 en mati\u00e8re d\u2019emploi. Nous remercions tous les candidats qui offriront leurs services maisseuls les candidats retenus pour une entrevue seront contact\u00e9s.<\/p>\n","protected":false},"excerpt":{"rendered":"<p>&nbsp; La mine Elder est situ\u00e9e \u00e0 seulement 10 kilom\u00e8tres de Rouyn-Noranda, qui est un important centre d\u2019activit\u00e9 \u00e9conomique et minier, offrant tous les services.\u00a0 La mine Elder est une mine conventionnelle sur rails, en production commerciale depuis janvier 2016. Nous nous faisons un devoir d\u2019\u00eatre \u00e0 l\u2019\u00e9coute de nos employ\u00e9s et de leur offrir [&hellip;]<\/p>\n","protected":false},"author":2,"featured_media":0,"parent":0,"menu_order":0,"comment_status":"closed","ping_status":"closed","template":"","meta":{"footnotes":""},"class_list":["post-378","page","type-page","status-publish","hentry"],"acf":[],"_links":{"self":[{"href":"https:\/\/www.abcourt.ca\/fr\/wp-json\/wp\/v2\/pages\/378","targetHints":{"allow":["GET"]}}],"collection":[{"href":"https:\/\/www.abcourt.ca\/fr\/wp-json\/wp\/v2\/pages"}],"about":[{"href":"https:\/\/www.abcourt.ca\/fr\/wp-json\/wp\/v2\/types\/page"}],"author":[{"embeddable":true,"href":"https:\/\/www.abcourt.ca\/fr\/wp-json\/wp\/v2\/users\/2"}],"replies":[{"embeddable":true,"href":"https:\/\/www.abcourt.ca\/fr\/wp-json\/wp\/v2\/comments?post=378"}],"version-history":[{"count":51,"href":"https:\/\/www.abcourt.ca\/fr\/wp-json\/wp\/v2\/pages\/378\/revisions"}],"predecessor-version":[{"id":2922,"href":"https:\/\/www.abcourt.ca\/fr\/wp-json\/wp\/v2\/pages\/378\/revisions\/2922"}],"wp:attachment":[{"href":"https:\/\/www.abcourt.ca\/fr\/wp-json\/wp\/v2\/media?parent=378"}],"curies":[{"name":"wp","href":"https:\/\/api.w.org\/{rel}","templated":true}]}}