{"id":3257,"date":"2024-05-23T08:51:08","date_gmt":"2024-05-23T08:51:08","guid":{"rendered":"https:\/\/www.abcourt.ca\/assemblee-annuelle-des-actionnaires-2\/"},"modified":"2025-11-03T18:58:54","modified_gmt":"2025-11-03T18:58:54","slug":"assemblee-annuelle-des-actionnaires-2","status":"publish","type":"page","link":"https:\/\/www.abcourt.ca\/fr\/assemblee-annuelle-des-actionnaires-2\/","title":{"rendered":"Assembl\u00e9e annuelle des actionnaires 2025"},"content":{"rendered":"<p><strong>Avis de convocation:<\/strong><\/p>\n<p>T\u00e9l\u00e9chargez le document en cliquant <a href=\"https:\/\/www.abcourt.ca\/wp-content\/uploads\/2025\/10\/Avis-de-convocation-F.pdf\" target=\"_blank\" rel=\"noopener noreferrer\"><strong>ici<\/strong><\/a>.<\/p>\n<p>&nbsp;<\/p>\n<p>&nbsp;<\/p>\n<p><strong>Circulaire d&rsquo;information de la direction :<\/strong><\/p>\n<p>T\u00e9l\u00e9chargez le document en cliquant <a href=\"https:\/\/www.abcourt.ca\/wp-content\/uploads\/2025\/10\/Circulaire-F.pdf\" target=\"_blank\" rel=\"noopener noreferrer\"><strong>ici<\/strong><\/a>.<\/p>\n<p>&nbsp;<\/p>\n<p>&nbsp;<\/p>\n<p><strong>Procurations, notification et acc\u00e8s:<\/strong><\/p>\n<p>T\u00e9l\u00e9chargez le document en cliquant <a href=\"https:\/\/www.abcourt.ca\/wp-content\/uploads\/2025\/11\/Proxy-F-1.pdf\" target=\"_blank\" rel=\"noopener noreferrer\"><strong>ici<\/strong><\/a>.<\/p>\n","protected":false},"excerpt":{"rendered":"<p>Avis de convocation: T\u00e9l\u00e9chargez le document en cliquant ici. &nbsp; &nbsp; Circulaire d&rsquo;information de la direction : T\u00e9l\u00e9chargez le document en cliquant ici. &nbsp; &nbsp; Procurations, notification et acc\u00e8s: T\u00e9l\u00e9chargez le document en cliquant ici.<\/p>\n","protected":false},"author":3,"featured_media":0,"parent":0,"menu_order":0,"comment_status":"closed","ping_status":"closed","template":"annual-meeting.php","meta":{"footnotes":""},"class_list":["post-3257","page","type-page","status-publish","hentry"],"acf":[],"_links":{"self":[{"href":"https:\/\/www.abcourt.ca\/fr\/wp-json\/wp\/v2\/pages\/3257","targetHints":{"allow":["GET"]}}],"collection":[{"href":"https:\/\/www.abcourt.ca\/fr\/wp-json\/wp\/v2\/pages"}],"about":[{"href":"https:\/\/www.abcourt.ca\/fr\/wp-json\/wp\/v2\/types\/page"}],"author":[{"embeddable":true,"href":"https:\/\/www.abcourt.ca\/fr\/wp-json\/wp\/v2\/users\/3"}],"replies":[{"embeddable":true,"href":"https:\/\/www.abcourt.ca\/fr\/wp-json\/wp\/v2\/comments?post=3257"}],"version-history":[{"count":8,"href":"https:\/\/www.abcourt.ca\/fr\/wp-json\/wp\/v2\/pages\/3257\/revisions"}],"predecessor-version":[{"id":4781,"href":"https:\/\/www.abcourt.ca\/fr\/wp-json\/wp\/v2\/pages\/3257\/revisions\/4781"}],"wp:attachment":[{"href":"https:\/\/www.abcourt.ca\/fr\/wp-json\/wp\/v2\/media?parent=3257"}],"curies":[{"name":"wp","href":"https:\/\/api.w.org\/{rel}","templated":true}]}}