{"id":2036,"date":"2023-11-24T22:17:01","date_gmt":"2023-11-24T22:17:01","guid":{"rendered":"https:\/\/www.abcourt.ca\/?page_id=2036"},"modified":"2024-05-20T07:11:42","modified_gmt":"2024-05-20T07:11:42","slug":"pershing-manitou","status":"publish","type":"page","link":"https:\/\/www.abcourt.ca\/fr\/pershing-manitou\/","title":{"rendered":"Pershing-Manitou"},"content":{"rendered":"<p>&nbsp;<\/p>\n<p>Le projet Pershing-Manitou est situ\u00e9 dans la province du Qu\u00e9bec, Canada, plus pr\u00e9cis\u00e9ment dans la r\u00e9gion de l&rsquo;Abitibi (Figure 4.1). Le projet est situ\u00e9 \u00e0 environ 76 km au sud-est de la ville d&rsquo;Amos et \u00e0 65 km au nord-est de la ville de Val.<\/p>\n<p><img loading=\"lazy\" decoding=\"async\" class=\"alignnone size-medium wp-image-2039\" src=\"https:\/\/www.abcourt.ca\/wp-content\/uploads\/2023\/11\/4.1-300x224.jpg\" alt=\"\" width=\"300\" height=\"224\" srcset=\"https:\/\/www.abcourt.ca\/wp-content\/uploads\/2023\/11\/4.1-300x224.jpg 300w, https:\/\/www.abcourt.ca\/wp-content\/uploads\/2023\/11\/4.1.jpg 650w\" sizes=\"auto, (max-width: 300px) 100vw, 300px\" \/><\/p>\n<p>&nbsp;<\/p>\n<p>La superficie actuelle du projet Pershing-Manitou comprend une seule concession, C008622, couvrant une superficie de 40,00 hectares (Figure 4.2). La concession fait partie du forfait foncier de la propri\u00e9t\u00e9 Courville, qui elle-m\u00eame comprend 322 concessions contigu\u00ebs couvrant une superficie de 12 307,55 hectares.<\/p>\n<p>&nbsp;<\/p>\n<p><img loading=\"lazy\" decoding=\"async\" class=\"alignnone size-medium wp-image-2038\" src=\"https:\/\/www.abcourt.ca\/wp-content\/uploads\/2023\/11\/4.2-227x300.jpg\" alt=\"\" width=\"227\" height=\"300\" srcset=\"https:\/\/www.abcourt.ca\/wp-content\/uploads\/2023\/11\/4.2-227x300.jpg 227w, https:\/\/www.abcourt.ca\/wp-content\/uploads\/2023\/11\/4.2.jpg 570w\" sizes=\"auto, (max-width: 227px) 100vw, 227px\" \/><\/p>\n<p>L&rsquo;ancienne propri\u00e9t\u00e9 Pershing-Manitou comprenait un bail minier qui a expir\u00e9 en 2008 et a ensuite \u00e9t\u00e9 converti en concessions. Rapport technique NI43-101 et estimation des ressources min\u00e9rales pour le projet Pershing-Manitou, Abitibi, Qu\u00e9bec11 La plupart des 322 concessions sont assujetties \u00e0 des redevances NSR variant entre 2,5% et 4%, tandis que pour les concessions restantes, la redevance est fix\u00e9e \u00e0 10 $ par once d&rsquo;or. La concession C008622, en particulier, est assujettie \u00e0 une redevance NSR globale de 2,5% r\u00e9partie entre deux parties.<\/p>\n<p>Pour tous les d\u00e9tails, veuillez lire le rapport complet NI 43-101 de Pershimex disponible <a href=\"https:\/\/www.abcourt.ca\/wp-content\/uploads\/2023\/11\/NI-43-101-Technical-Report-Mineral-Resources-Estimate-2022-01-25.pdf\" target=\"_blank\" rel=\"noopener noreferrer\">ici.\u00a0<\/a><\/p>\n","protected":false},"excerpt":{"rendered":"<p>&nbsp; Le projet Pershing-Manitou est situ\u00e9 dans la province du Qu\u00e9bec, Canada, plus pr\u00e9cis\u00e9ment dans la r\u00e9gion de l&rsquo;Abitibi (Figure 4.1). Le projet est situ\u00e9 \u00e0 environ 76 km au sud-est de la ville d&rsquo;Amos et \u00e0 65 km au nord-est de la ville de Val. &nbsp; La superficie actuelle du projet Pershing-Manitou comprend une [&hellip;]<\/p>\n","protected":false},"author":1,"featured_media":0,"parent":0,"menu_order":0,"comment_status":"closed","ping_status":"closed","template":"","meta":{"footnotes":""},"class_list":["post-2036","page","type-page","status-publish","hentry"],"acf":[],"_links":{"self":[{"href":"https:\/\/www.abcourt.ca\/fr\/wp-json\/wp\/v2\/pages\/2036","targetHints":{"allow":["GET"]}}],"collection":[{"href":"https:\/\/www.abcourt.ca\/fr\/wp-json\/wp\/v2\/pages"}],"about":[{"href":"https:\/\/www.abcourt.ca\/fr\/wp-json\/wp\/v2\/types\/page"}],"author":[{"embeddable":true,"href":"https:\/\/www.abcourt.ca\/fr\/wp-json\/wp\/v2\/users\/1"}],"replies":[{"embeddable":true,"href":"https:\/\/www.abcourt.ca\/fr\/wp-json\/wp\/v2\/comments?post=2036"}],"version-history":[{"count":6,"href":"https:\/\/www.abcourt.ca\/fr\/wp-json\/wp\/v2\/pages\/2036\/revisions"}],"predecessor-version":[{"id":2962,"href":"https:\/\/www.abcourt.ca\/fr\/wp-json\/wp\/v2\/pages\/2036\/revisions\/2962"}],"wp:attachment":[{"href":"https:\/\/www.abcourt.ca\/fr\/wp-json\/wp\/v2\/media?parent=2036"}],"curies":[{"name":"wp","href":"https:\/\/api.w.org\/{rel}","templated":true}]}}