{"id":2,"date":"2016-08-10T15:07:14","date_gmt":"2016-08-10T15:07:14","guid":{"rendered":"http:\/\/explorationorex.ca\/dev\/?page_id=2"},"modified":"2026-01-21T12:50:24","modified_gmt":"2026-01-21T12:50:24","slug":"sample-page","status":"publish","type":"page","link":"https:\/\/www.abcourt.ca\/fr\/","title":{"rendered":"Accueil"},"content":{"rendered":"<p>Mines Abcourt inc. est un producteur aurif\u00e8re \u00e9mergeant et une soci\u00e9t\u00e9 d\u2019exploration dont les propri\u00e9t\u00e9s mini\u00e8res sont toutes<br \/>\nsitu\u00e9es dans la r\u00e9gion de l\u2019Abitibi, province de Qu\u00e9bec, au Canada.<\/p>\n","protected":false},"excerpt":{"rendered":"<p>Mines Abcourt inc. est un producteur aurif\u00e8re \u00e9mergeant et une soci\u00e9t\u00e9 d\u2019exploration dont les propri\u00e9t\u00e9s mini\u00e8res sont toutes situ\u00e9es dans la r\u00e9gion de l\u2019Abitibi, province de Qu\u00e9bec, au Canada.<\/p>\n","protected":false},"author":1,"featured_media":0,"parent":0,"menu_order":0,"comment_status":"closed","ping_status":"open","template":"","meta":{"footnotes":""},"class_list":["post-2","page","type-page","status-publish","hentry"],"acf":[],"_links":{"self":[{"href":"https:\/\/www.abcourt.ca\/fr\/wp-json\/wp\/v2\/pages\/2","targetHints":{"allow":["GET"]}}],"collection":[{"href":"https:\/\/www.abcourt.ca\/fr\/wp-json\/wp\/v2\/pages"}],"about":[{"href":"https:\/\/www.abcourt.ca\/fr\/wp-json\/wp\/v2\/types\/page"}],"author":[{"embeddable":true,"href":"https:\/\/www.abcourt.ca\/fr\/wp-json\/wp\/v2\/users\/1"}],"replies":[{"embeddable":true,"href":"https:\/\/www.abcourt.ca\/fr\/wp-json\/wp\/v2\/comments?post=2"}],"version-history":[{"count":112,"href":"https:\/\/www.abcourt.ca\/fr\/wp-json\/wp\/v2\/pages\/2\/revisions"}],"predecessor-version":[{"id":4933,"href":"https:\/\/www.abcourt.ca\/fr\/wp-json\/wp\/v2\/pages\/2\/revisions\/4933"}],"wp:attachment":[{"href":"https:\/\/www.abcourt.ca\/fr\/wp-json\/wp\/v2\/media?parent=2"}],"curies":[{"name":"wp","href":"https:\/\/api.w.org\/{rel}","templated":true}]}}