{"id":1970,"date":"2023-10-26T20:23:56","date_gmt":"2023-10-26T20:23:56","guid":{"rendered":"https:\/\/www.abcourt.ca\/?page_id=1970"},"modified":"2025-11-03T19:44:31","modified_gmt":"2025-11-03T19:44:31","slug":"assemblee-annuelle-des-actionnaires","status":"publish","type":"page","link":"https:\/\/www.abcourt.ca\/fr\/assemblee-annuelle-des-actionnaires\/","title":{"rendered":"Assembl\u00e9e annuelle des actionnaires 2025"},"content":{"rendered":"<p>&nbsp;<\/p>\n<p>&nbsp;<\/p>\n<p><strong>Avis de convocation:<\/strong><\/p>\n<p>T\u00e9l\u00e9chargez le document en cliquant <strong><a href=\"https:\/\/www.abcourt.ca\/wp-content\/uploads\/2025\/10\/Avis-de-convocation-F.pdf\" target=\"_blank\" rel=\"noopener\">ICI<\/a><\/strong><\/p>\n<p>&nbsp;<\/p>\n<p>&nbsp;<\/p>\n<p><strong>Circulaire d&rsquo;information de la direction:<\/strong><\/p>\n<p>T\u00e9l\u00e9chargez le document en cliquant <strong><a href=\"https:\/\/www.abcourt.ca\/wp-content\/uploads\/2025\/10\/Circulaire-F.pdf\" target=\"_blank\" rel=\"noopener\">ICI<\/a><\/strong><\/p>\n<p>&nbsp;<\/p>\n<p>&nbsp;<\/p>\n<p><strong>Procurations, notification et acc\u00e8s:<\/strong><\/p>\n<p>T\u00e9l\u00e9chargez les documents en cliquant <strong><a href=\"https:\/\/www.abcourt.ca\/wp-content\/uploads\/2025\/11\/Proxy-F-1.pdf\" target=\"_blank\" rel=\"noopener\">ICI<\/a><\/strong><\/p>\n<p>&nbsp;<\/p>\n<p>&nbsp;<\/p>\n<p>&nbsp;<\/p>\n","protected":false},"excerpt":{"rendered":"<p>&nbsp; &nbsp; Avis de convocation: T\u00e9l\u00e9chargez le document en cliquant ICI &nbsp; &nbsp; Circulaire d&rsquo;information de la direction: T\u00e9l\u00e9chargez le document en cliquant ICI &nbsp; &nbsp; Procurations, notification et acc\u00e8s: T\u00e9l\u00e9chargez les documents en cliquant ICI &nbsp; &nbsp; &nbsp;<\/p>\n","protected":false},"author":1,"featured_media":0,"parent":0,"menu_order":0,"comment_status":"closed","ping_status":"closed","template":"","meta":{"footnotes":""},"class_list":["post-1970","page","type-page","status-publish","hentry"],"acf":[],"_links":{"self":[{"href":"https:\/\/www.abcourt.ca\/fr\/wp-json\/wp\/v2\/pages\/1970","targetHints":{"allow":["GET"]}}],"collection":[{"href":"https:\/\/www.abcourt.ca\/fr\/wp-json\/wp\/v2\/pages"}],"about":[{"href":"https:\/\/www.abcourt.ca\/fr\/wp-json\/wp\/v2\/types\/page"}],"author":[{"embeddable":true,"href":"https:\/\/www.abcourt.ca\/fr\/wp-json\/wp\/v2\/users\/1"}],"replies":[{"embeddable":true,"href":"https:\/\/www.abcourt.ca\/fr\/wp-json\/wp\/v2\/comments?post=1970"}],"version-history":[{"count":16,"href":"https:\/\/www.abcourt.ca\/fr\/wp-json\/wp\/v2\/pages\/1970\/revisions"}],"predecessor-version":[{"id":4786,"href":"https:\/\/www.abcourt.ca\/fr\/wp-json\/wp\/v2\/pages\/1970\/revisions\/4786"}],"wp:attachment":[{"href":"https:\/\/www.abcourt.ca\/fr\/wp-json\/wp\/v2\/media?parent=1970"}],"curies":[{"name":"wp","href":"https:\/\/api.w.org\/{rel}","templated":true}]}}