{"id":1868,"date":"2023-06-15T10:02:34","date_gmt":"2023-06-15T10:02:34","guid":{"rendered":"https:\/\/www.abcourt.ca\/?page_id=1868"},"modified":"2025-04-09T20:50:04","modified_gmt":"2025-04-09T20:50:04","slug":"investisseurs-2","status":"publish","type":"page","link":"https:\/\/www.abcourt.ca\/fr\/investisseurs-2\/","title":{"rendered":"Investisseurs"},"content":{"rendered":"\r\n<p>&nbsp;<\/p>\r\n<h3>Nos<\/h3>\r\n<h2>INVESTISSEURS<\/h2>\r\n<p>Pour obtenir la liste compl\u00e8te des documents d\u00e9pos\u00e9s par Abcourt, veuillez consulter le profil de Mines Abcourt inc. sur le site internet suivant: SEDAR <a href=\"http:\/\/www.sedar.com\/DisplayProfile.do?lang=FR&amp;issuerType=03&amp;issuerNo=00003447\"><span style=\"color: #c69c24;\">(www.sedar.com)<\/span>.<\/a><\/p>\r\n<p><a href=\"https:\/\/www.abcourt.ca\/wp-content\/uploads\/2023\/06\/Abcourt-Investor-Presentation-2023-06-v0.pdf\" target=\"_blank\" rel=\"noopener noreferrer\">T\u00e9l\u00e9charger la pr\u00e9sentation d&rsquo;affaire<\/a><\/p>\r\n<p>&nbsp;<\/p>\r\n<p>&nbsp;<\/p>\r\n<h2><a href=\"https:\/\/www.abcourt.ca\/wp-content\/uploads\/2023\/06\/Abcourt-quick-fact-sheet-12.6.23-A4-2.pdf\" target=\"_blank\" rel=\"noopener noreferrer\">FAITS SAILLANTS: ABCOURT<\/a><\/h2>\r\n<p>&nbsp;<\/p>\r\n","protected":false},"excerpt":{"rendered":"<p>&nbsp; Nos INVESTISSEURS Pour obtenir la liste compl\u00e8te des documents d\u00e9pos\u00e9s par Abcourt, veuillez consulter le profil de Mines Abcourt inc. sur le site internet suivant: SEDAR (www.sedar.com). T\u00e9l\u00e9charger la pr\u00e9sentation d&rsquo;affaire &nbsp; &nbsp; FAITS SAILLANTS: ABCOURT &nbsp;<\/p>\n","protected":false},"author":3,"featured_media":0,"parent":0,"menu_order":0,"comment_status":"closed","ping_status":"closed","template":"","meta":{"footnotes":""},"class_list":["post-1868","page","type-page","status-publish","hentry"],"acf":[],"_links":{"self":[{"href":"https:\/\/www.abcourt.ca\/fr\/wp-json\/wp\/v2\/pages\/1868","targetHints":{"allow":["GET"]}}],"collection":[{"href":"https:\/\/www.abcourt.ca\/fr\/wp-json\/wp\/v2\/pages"}],"about":[{"href":"https:\/\/www.abcourt.ca\/fr\/wp-json\/wp\/v2\/types\/page"}],"author":[{"embeddable":true,"href":"https:\/\/www.abcourt.ca\/fr\/wp-json\/wp\/v2\/users\/3"}],"replies":[{"embeddable":true,"href":"https:\/\/www.abcourt.ca\/fr\/wp-json\/wp\/v2\/comments?post=1868"}],"version-history":[{"count":9,"href":"https:\/\/www.abcourt.ca\/fr\/wp-json\/wp\/v2\/pages\/1868\/revisions"}],"predecessor-version":[{"id":4351,"href":"https:\/\/www.abcourt.ca\/fr\/wp-json\/wp\/v2\/pages\/1868\/revisions\/4351"}],"wp:attachment":[{"href":"https:\/\/www.abcourt.ca\/fr\/wp-json\/wp\/v2\/media?parent=1868"}],"curies":[{"name":"wp","href":"https:\/\/api.w.org\/{rel}","templated":true}]}}