{"id":1678,"date":"2023-03-30T04:32:49","date_gmt":"2023-03-30T04:32:49","guid":{"rendered":"https:\/\/www.abcourt.ca\/?page_id=1678"},"modified":"2025-04-07T15:47:08","modified_gmt":"2025-04-07T15:47:08","slug":"propriete-flordin","status":"publish","type":"page","link":"https:\/\/www.abcourt.ca\/fr\/proprietes\/propriete-flordin\/","title":{"rendered":"Propri\u00e9t\u00e9 Flordin"},"content":{"rendered":"<p>&nbsp;<\/p>\n<p>&nbsp;<\/p>\n<p>La propri\u00e9t\u00e9 Flordin est situ\u00e9e \u00e0 environ 25 kilom\u00e8tres au nord de Lebel-sur-Qu\u00e9villon et est d\u00e9tenue \u00e0 100\u00a0% par Abcourt. Elle se compose de 25 cellules qui couvrent 976 hectares (5,9 km<sup>2<\/sup>).\u00a0\u00a0En 2011, le projet a \u00e9t\u00e9 r\u00e9\u00e9valu\u00e9 par Ressources Cadiscor dans une perspective d\u2019exploitation \u00e0 ciel ouvert. Le calcul des ressources pr\u00e9par\u00e9\u00a0par la firme InnovExplo inc. ne peut \u00eatre publi\u00e9 parce qu\u2019Abcourt ne consid\u00e8re pas cette \u00e9tude comme courante.<\/p>\n<p>&nbsp;<\/p>\n<p>&nbsp;<\/p>\n<p>Figure 1\u00a0: Carte r\u00e9gionale<\/p>\n<p><img loading=\"lazy\" decoding=\"async\" class=\"alignnone wp-image-1784 size-full\" src=\"https:\/\/www.abcourt.ca\/wp-content\/uploads\/2023\/05\/Figure-1-F.jpg\" alt=\"\" width=\"1537\" height=\"969\" srcset=\"https:\/\/www.abcourt.ca\/wp-content\/uploads\/2023\/05\/Figure-1-F.jpg 1537w, https:\/\/www.abcourt.ca\/wp-content\/uploads\/2023\/05\/Figure-1-F-300x189.jpg 300w, https:\/\/www.abcourt.ca\/wp-content\/uploads\/2023\/05\/Figure-1-F-1024x646.jpg 1024w, https:\/\/www.abcourt.ca\/wp-content\/uploads\/2023\/05\/Figure-1-F-768x484.jpg 768w\" sizes=\"auto, (max-width: 1537px) 100vw, 1537px\" \/><\/p>\n<p>Cette ERM refl\u00e8te les r\u00e9sultats d\u2019environ 73,4 milliers de m\u00e8tres de forage, dont 34,9 milliers de m\u00e8tres ont \u00e9t\u00e9 effectu\u00e9s depuis 2010 jusqu\u2019en 2020. \u00a0L\u2019ERM a \u00e9t\u00e9 r\u00e9alis\u00e9e par la firme InnovExplo de Val d\u2019Or.\u00a0 L\u2019ERM utilise un cas de base \u00e9valu\u00e9 \u00e0 un prix de l\u2019or de 1\u00a0650 $\/oz.\u00a0 Veuillez lire les notes sous le tableau 1 pour la liste compl\u00e8te des crit\u00e8res d\u2019\u00e9valuation de l\u2019ERM.<\/p>\n<p>&nbsp;<\/p>\n<p><strong>Faits saillants<\/strong><\/p>\n<ul>\n<li>134 700 onces en Ressources mesur\u00e9es et Indiqu\u00e9es dans 1\u00a0758 000 tonnes \u00e0 une teneur moyenne de 2,38 g\/t Au;<\/li>\n<li>59 700 onces en Ressources pr\u00e9sum\u00e9es dans 575 000 tonnes \u00e0 une teneur moyenne de 3,23 g\/t Au;<\/li>\n<li>Cette ERM ainsi que le mod\u00e8le 3D des veines et structures min\u00e9ralis\u00e9es serviront de base pour effectuer une campagne d\u2019exploration \u00e0 l\u2019\u00e9t\u00e9 2023 dans le but d\u2019explorer les extensions du g\u00eete et potentiellement augmenter les ressources min\u00e9rales.<\/li>\n<\/ul>\n<p>&nbsp;<\/p>\n<p>Pascal Hamelin, Pr\u00e9sident et chef de la direction d\u2019Abcourt, a d\u00e9clar\u00e9 : \u00ab Nous sommes heureux de maintenant poss\u00e9der un troisi\u00e8me g\u00eete avec une estimation des ressources min\u00e9rales pr\u00e8s de notre usine G\u00e9ant Dormant.\u00a0 Avec notre usine de traitement du minerai ayant tous ses permis, et de la capacit\u00e9 de traitement et entreposage, Abcourt a le potentiel de devenir un producteur significatif dans un camp minier sans autres usine et plusieurs g\u00eetes orphelins appartenant \u00e0 plusieurs soci\u00e9t\u00e9s.\u00bb<\/p>\n<p>&nbsp;<\/p>\n<p>Figure 2\u00a0: Section longitudinale du g\u00eete Flordin<\/p>\n<p><img loading=\"lazy\" decoding=\"async\" class=\"alignnone wp-image-1785 size-full\" src=\"https:\/\/www.abcourt.ca\/wp-content\/uploads\/2023\/05\/Figure-2-F.jpg\" alt=\"\" width=\"1537\" height=\"969\" srcset=\"https:\/\/www.abcourt.ca\/wp-content\/uploads\/2023\/05\/Figure-2-F.jpg 1537w, https:\/\/www.abcourt.ca\/wp-content\/uploads\/2023\/05\/Figure-2-F-300x189.jpg 300w, https:\/\/www.abcourt.ca\/wp-content\/uploads\/2023\/05\/Figure-2-F-1024x646.jpg 1024w, https:\/\/www.abcourt.ca\/wp-content\/uploads\/2023\/05\/Figure-2-F-768x484.jpg 768w\" sizes=\"auto, (max-width: 1537px) 100vw, 1537px\" \/><\/p>\n<p>&nbsp;<\/p>\n<p><strong>Tableau 1: Estimation des ressources min\u00e9rales du Projet Aurif\u00e8re Flordin<\/strong><\/p>\n<p><img loading=\"lazy\" decoding=\"async\" class=\"alignnone wp-image-1786 size-full\" src=\"https:\/\/www.abcourt.ca\/wp-content\/uploads\/2023\/05\/Tableau-1-F.jpg\" alt=\"\" width=\"992\" height=\"470\" srcset=\"https:\/\/www.abcourt.ca\/wp-content\/uploads\/2023\/05\/Tableau-1-F.jpg 992w, https:\/\/www.abcourt.ca\/wp-content\/uploads\/2023\/05\/Tableau-1-F-300x142.jpg 300w, https:\/\/www.abcourt.ca\/wp-content\/uploads\/2023\/05\/Tableau-1-F-768x364.jpg 768w\" sizes=\"auto, (max-width: 992px) 100vw, 992px\" \/><\/p>\n<p>&nbsp;<\/p>\n<p><strong>Notes compl\u00e9mentaires sur les estimations des ressources min\u00e9rales:<\/strong><\/p>\n<p>i. Les personnes ind\u00e9pendantes et qualifi\u00e9es, telles que d\u00e9finies par le R\u00e8glement 43-101, sont Olivier Vadnais-Leblanc, g\u00e9o., Carl Pelletier, g\u00e9o., Eric Lecomte, ing., et Simon Boudreau, ing. (InnovExplo). La date d\u2019entr\u00e9e en vigueur est le 15 mai 2023;<\/p>\n<p>ii. Les ressources min\u00e9rales ne sont pas des r\u00e9serves min\u00e9rales car leur viabilit\u00e9 \u00e9conomique n\u2019a pas \u00e9t\u00e9 d\u00e9montr\u00e9e. Les r\u00e9sultats sont pr\u00e9sent\u00e9s sans dilution et sont consid\u00e9r\u00e9s comme ayant une perspective raisonnable d\u2019extraction \u00e9conomique \u00e9ventuelle (RPEEE). Les estimations des ressources min\u00e9rales suivent les normes de l\u2019ICM (2014) et lignes directrices en vigueur de l\u2019ICM (2019).<\/p>\n<p>iii.\u00a0 Pour le projet Flordin, 364 structures et veines min\u00e9ralis\u00e9es ont \u00e9t\u00e9 mod\u00e9lis\u00e9es \u00e0 l\u2019aide du logiciel Genesis et interpol\u00e9es \u00e0 partir du logiciel Leapfrog Edge.<\/p>\n<p>iv. Une valeur de densit\u00e9 de 2,8 g\/cm<sup>3<\/sup>\u00a0a \u00e9t\u00e9 appliqu\u00e9e \u00e0 toutes les structures aurif\u00e8res.<\/p>\n<p>v. Un \u00e9cr\u00eatage des hautes teneurs de 25 g\/t Au, appuy\u00e9 par une analyse statistique, a \u00e9t\u00e9 appliqu\u00e9 apr\u00e8s la composition \u00e0 1-m des r\u00e9sultats d\u2019analyse des structures aurif\u00e8res en utilisant \u00e9galement la teneur du mat\u00e9riel adjacent ou une valeur de z\u00e9ro lorsque le mat\u00e9riel adjacent n\u2019a pas \u00e9t\u00e9 analys\u00e9.<\/p>\n<p>vi. Les ressources min\u00e9rales ont \u00e9t\u00e9 estim\u00e9es \u00e0 l\u2019aide du logiciel Leapfrog Edge \u00e0 partir d\u2019analyses composit\u00e9es et \u00e9cr\u00eat\u00e9es, contraintes par les structures mod\u00e9lis\u00e9es. La m\u00e9thode de l\u2019inverse de la distance \u00e0 la puissance carr\u00e9e a \u00e9t\u00e9 utilis\u00e9e pour interpoler un mod\u00e8le de blocs et sous-blocs (bloc parent de 10 m x 2 m x 2 m avec sous-blocs \u00e0 2.5 m X 0.25 m X 0.25 m).<\/p>\n<p>vii. L\u2019exigence d\u2019une perspective raisonnable d\u2019extraction \u00e9conomique \u00e9ventuelle est satisfaite en ayant des teneurs de coupure bas\u00e9e sur des param\u00e8tres raisonnables pour des sc\u00e9narios potentiels d\u2019extractions de surface et souterraines, des largeurs minimales et des volumes contraignants.\u00a0 L\u2019estimation est pr\u00e9sent\u00e9e pour des sc\u00e9narios souterrains potentiels (r\u00e9alis\u00e9 dans Deswik) sur une largeur de 1.7m pour des blocs de 16m de haut par 16m de long et \u00e0 une teneur de coupure de 3.10 g\/t Au pour la m\u00e9thode de long-trous (LT) et de 4.60 g\/t Au pour la m\u00e9thode de chambres et piliers conventionnelle (CP). Les teneurs de coupure refl\u00e8tent la g\u00e9om\u00e9trie et le pendage r\u00e9el des enveloppes min\u00e9ralis\u00e9es. La fosse de l\u2019estim\u00e9 de ressource min\u00e9rale de 2023 est contraint localement par une surface optimis\u00e9e dans Whittle en utilisant une teneur de coupure arrondie de 0.5 g\/t Au.\u00a0 Les teneurs de coupure refl\u00e8tent la g\u00e9om\u00e9trie et le pendage r\u00e9el des enveloppes min\u00e9ralis\u00e9es. Les teneurs de coupure ont \u00e9t\u00e9 calcul\u00e9es en utilisant les param\u00e8tres suivants : une pente de 50\u00b0 dans la roche et de 30\u00b0 dans le mort-terrain, un co\u00fbt minier en fosse = C$4.65\/t, un co\u00fbt minier sous-terrain de C$169.50\/t pour le LT et de C$262.00\/t pour le CP, un co\u00fbt de transformation de C$21.50\/t, des frais g\u00e9n\u00e9raux et administratifs de C$12.00\/t, des frais de vente de C$5.00\/oz, un prix de l\u2019or de 1 650 $ US l\u2019once, un taux de change USD\/CAD de 1,33 et un taux de r\u00e9cup\u00e9ration \u00e0 l\u2019usine de 91.7%.\u00a0 Les teneurs de coupure devraient \u00eatre r\u00e9\u00e9valu\u00e9es \u00e0 la lumi\u00e8re des conditions futures du march\u00e9 (prix des m\u00e9taux, taux de change, co\u00fbt minier, etc.).<\/p>\n<p>viii. L\u2019estimation des ressources min\u00e9rales est class\u00e9e en ressources mesur\u00e9es, indiqu\u00e9es et pr\u00e9sum\u00e9es. La cat\u00e9gorie mesur\u00e9e est d\u00e9finie par une enveloppe d\u2019une distance de 8m autour des rainures de surface ou souterraines l\u00e0 o\u00f9 il existe des ressources indiqu\u00e9es.\u00a0 La cat\u00e9gorie indiqu\u00e9e est d\u00e9finie par un minimum de (3) trois trous de forage situ\u00e9s dans un rayon de 50 m et la cat\u00e9gorie pr\u00e9sum\u00e9e est d\u00e9finie par un minimum de (2) deux trous de forage situ\u00e9s dans un rayon de 75 m, o\u00f9 il y a une continuit\u00e9 raisonnable de la g\u00e9ologie et des teneurs aurif\u00e8res.<\/p>\n<p>ix. Once troy correspond aux tonnes m\u00e9triques multipli\u00e9es par la teneur (g\/t) et divis\u00e9 par la constante de 31,10348. Le nombre de tonne a \u00e9t\u00e9 arrondi au millier le plus proche. Le nombre d\u2019onces d\u2019or a \u00e9t\u00e9 arrondi \u00e0 la centaine la plus proche. Tout \u00e9cart dans les totaux est d\u00fb \u00e0 des effets d\u2019arrondi. L\u2019arrondissement est conforme aux recommandations du R\u00e8glement NI 43-101.<\/p>\n<p>x. Les personnes ind\u00e9pendantes et qualifi\u00e9es pour les estim\u00e9es des ressources min\u00e9rales 2023 n\u2019ont connaissance d\u2019aucun probl\u00e8me li\u00e9 \u00e0 l\u2019environnement, aux permis, aux titres miniers ou li\u00e9 \u00e0 des questions d\u2019ordre juridique, fiscal, sociopolitique, commercial ou tout autre facteur pertinent qui pourrait avoir une incidence importante sur l\u2019estimation des ressources min\u00e9rales.<\/p>\n<p>&nbsp;<\/p>\n<p><strong>Tableau 2: Sensibilit\u00e9s selon le prix de l\u2019or<\/strong><\/p>\n<p><img loading=\"lazy\" decoding=\"async\" class=\"alignnone wp-image-1792 size-full\" src=\"https:\/\/www.abcourt.ca\/wp-content\/uploads\/2023\/05\/Tableau-2-F.jpg\" alt=\"\" width=\"674\" height=\"725\" srcset=\"https:\/\/www.abcourt.ca\/wp-content\/uploads\/2023\/05\/Tableau-2-F.jpg 674w, https:\/\/www.abcourt.ca\/wp-content\/uploads\/2023\/05\/Tableau-2-F-279x300.jpg 279w\" sizes=\"auto, (max-width: 674px) 100vw, 674px\" \/><\/p>\n<p>&nbsp;<\/p>\n<p>L\u2019ERM adh\u00e8re aux standards canadiens actuels de divulgation des ressources et r\u00e9serves min\u00e9rales telles que cr\u00e9\u00e9es par l\u2019Institut Canadien des Mines (\u00ab\u00a0ICM\u00a0\u00bb) et d\u00e9finis dans les\u00a0<em>Normes de d\u00e9finitions de l\u2019ICM pour les ressources min\u00e9rales et les r\u00e9serves min\u00e9rales<\/em>\u00a0dat\u00e9es de mai 2014 (\u00ab\u00a0Normes de d\u00e9finitions de l\u2019ICM\u00a0\u00bb). L\u2019ERM est \u00e9galement conforme aux\u00a0<em>Directives des meilleures pratiques de l\u2019ICM sur l\u2019estimation des ressources min\u00e9rales et r\u00e9serves min\u00e9rales<\/em>\u00a0dat\u00e9es de novembre 2019 (\u00ab\u00a0Guide des meilleures pratiques en RMRM de l\u2019ICM\u00a0\u00bb).<\/p>\n<p>&nbsp;<\/p>\n<p>Le pr\u00e9sent ERM inclut l\u2019amalgamation des blocs de teneurs diverses (\u00ab\u00a0les blocs obligatoires\u00a0\u00bb) compris \u00e0 l\u2019int\u00e9rieur de formes mini\u00e8res potentielles respectant la perspective raisonnable d\u2019extraction \u00e9conomique \u00e9ventuelle, tel que sp\u00e9cifi\u00e9 par l\u2019ICM en 2019.<\/p>\n<p><strong>\u00a0<\/strong><\/p>\n<p>&nbsp;<\/p>\n","protected":false},"excerpt":{"rendered":"<p>&nbsp; &nbsp; La propri\u00e9t\u00e9 Flordin est situ\u00e9e \u00e0 environ 25 kilom\u00e8tres au nord de Lebel-sur-Qu\u00e9villon et est d\u00e9tenue \u00e0 100\u00a0% par Abcourt. Elle se compose de 25 cellules qui couvrent 976 hectares (5,9 km2).\u00a0\u00a0En 2011, le projet a \u00e9t\u00e9 r\u00e9\u00e9valu\u00e9 par Ressources Cadiscor dans une perspective d\u2019exploitation \u00e0 ciel ouvert. Le calcul des ressources pr\u00e9par\u00e9\u00a0par [&hellip;]<\/p>\n","protected":false},"author":1,"featured_media":0,"parent":47,"menu_order":0,"comment_status":"closed","ping_status":"closed","template":"","meta":{"footnotes":""},"class_list":["post-1678","page","type-page","status-publish","hentry"],"acf":[],"_links":{"self":[{"href":"https:\/\/www.abcourt.ca\/fr\/wp-json\/wp\/v2\/pages\/1678","targetHints":{"allow":["GET"]}}],"collection":[{"href":"https:\/\/www.abcourt.ca\/fr\/wp-json\/wp\/v2\/pages"}],"about":[{"href":"https:\/\/www.abcourt.ca\/fr\/wp-json\/wp\/v2\/types\/page"}],"author":[{"embeddable":true,"href":"https:\/\/www.abcourt.ca\/fr\/wp-json\/wp\/v2\/users\/1"}],"replies":[{"embeddable":true,"href":"https:\/\/www.abcourt.ca\/fr\/wp-json\/wp\/v2\/comments?post=1678"}],"version-history":[{"count":9,"href":"https:\/\/www.abcourt.ca\/fr\/wp-json\/wp\/v2\/pages\/1678\/revisions"}],"predecessor-version":[{"id":4325,"href":"https:\/\/www.abcourt.ca\/fr\/wp-json\/wp\/v2\/pages\/1678\/revisions\/4325"}],"up":[{"embeddable":true,"href":"https:\/\/www.abcourt.ca\/fr\/wp-json\/wp\/v2\/pages\/47"}],"wp:attachment":[{"href":"https:\/\/www.abcourt.ca\/fr\/wp-json\/wp\/v2\/media?parent=1678"}],"curies":[{"name":"wp","href":"https:\/\/api.w.org\/{rel}","templated":true}]}}